{"id":1529,"date":"2020-06-23T17:16:04","date_gmt":"2020-06-23T15:16:04","guid":{"rendered":"https:\/\/intervetwb.net\/blog\/"},"modified":"2020-06-23T17:16:06","modified_gmt":"2020-06-23T15:16:06","slug":"blog","status":"publish","type":"page","link":"https:\/\/intervetwb.net\/sr\/blog\/","title":{"rendered":"Blog"},"content":{"rendered":"<p><div class=\"fusion-fullwidth fullwidth-box fusion-builder-row-1 hundred-percent-fullwidth non-hundred-percent-height-scrolling\" style=\"--link_color: #871e1e;--awb-background-position:left top;--awb-border-radius-top-left:0px;--awb-border-radius-top-right:0px;--awb-border-radius-bottom-right:0px;--awb-border-radius-bottom-left:0px;--awb-padding-top:150px;--awb-padding-right:5.5%;--awb-padding-bottom:150px;--awb-padding-left:5.5%;--awb-background-color:#f7f7f7;--awb-border-sizes-top:0px;--awb-border-sizes-bottom:0px;--awb-flex-wrap:wrap;\" ><div class=\"fusion-builder-row fusion-row\"><div class=\"fusion-layout-column fusion_builder_column fusion-builder-column-0 fusion_builder_column_1_1 1_1 fusion-one-full fusion-column-first fusion-column-last\" style=\"--awb-bg-size:cover;\"><div class=\"fusion-column-wrapper fusion-flex-column-wrapper-legacy\"><div class=\"fusion-title title fusion-title-1 fusion-sep-none fusion-title-text fusion-title-size-one\" style=\"--awb-text-color:#871e1e;--awb-margin-top-small:0px;--awb-margin-right-small:0px;--awb-margin-bottom-small:20px;--awb-margin-left-small:0px;\"><h1 class=\"fusion-title-heading title-heading-left\" style=\"margin:0;\"><p style=\"text-align: center;\">Our latest news<\/p><\/h1><\/div><div class=\"fusion-blog-shortcode fusion-blog-shortcode-1 fusion-blog-archive fusion-blog-layout-grid-wrapper fusion-blog-infinite\"><style type=\"text\/css\">.fusion-blog-shortcode-1 .fusion-blog-layout-grid .fusion-post-grid{padding:15px;}.fusion-blog-shortcode-1 .fusion-posts-container{margin-left: -15px !important; margin-right:-15px !important;}<\/style><div class=\"fusion-posts-container fusion-posts-container-infinite fusion-posts-container-load-more fusion-no-meta-info fusion-blog-rollover fusion-blog-layout-grid fusion-blog-layout-grid-2 isotope\" data-pages=\"13\" data-grid-col-space=\"30\" style=\"margin: -15px -15px 0;min-height:500px;\"><article id=\"blog-1-post-9901\" class=\"fusion-post-grid post-9901 post type-post status-publish format-standard has-post-thumbnail hentry category-news-sr\">\n<div class=\"fusion-post-wrapper\" style=\"background-color:rgba(255,255,255,0);border:none;\">\n\n\t\t\t<div class=\"fusion-flexslider flexslider fusion-flexslider-loading fusion-post-slideshow\" style=\"border-color:rgba(235,234,234,0);\">\n\t\t<ul class=\"slides\">\n\t\t\t\n\t\t\t\t\t\t\t\t\t\t\t\t\t\t<li><div  class=\"fusion-image-wrapper\" aria-haspopup=\"true\">\n\t\t\t\t<img decoding=\"async\" width=\"1024\" height=\"512\" src=\"https:\/\/intervetwb.net\/wp-content\/uploads\/2023\/10\/INTERVET-WB-FINAL-PUBLICATION.png\" class=\"attachment-full size-full wp-post-image\" alt=\"\" srcset=\"https:\/\/intervetwb.net\/wp-content\/uploads\/2023\/10\/INTERVET-WB-FINAL-PUBLICATION-200x100.png 200w, https:\/\/intervetwb.net\/wp-content\/uploads\/2023\/10\/INTERVET-WB-FINAL-PUBLICATION-400x200.png 400w, https:\/\/intervetwb.net\/wp-content\/uploads\/2023\/10\/INTERVET-WB-FINAL-PUBLICATION-600x300.png 600w, https:\/\/intervetwb.net\/wp-content\/uploads\/2023\/10\/INTERVET-WB-FINAL-PUBLICATION-800x400.png 800w, https:\/\/intervetwb.net\/wp-content\/uploads\/2023\/10\/INTERVET-WB-FINAL-PUBLICATION.png 1024w\" sizes=\"(min-width: 2200px) 100vw, (min-width: 800px) 570px, (min-width: 640px) 800px, \" \/><div class=\"fusion-rollover\">\n\t<div class=\"fusion-rollover-content\">\n\n\t\t\t\t\n\t\t\n\t\t\t\t\t\t\t\t\t\t\t\t<h4 class=\"fusion-rollover-title\">\n\t\t\t\t\t<a class=\"fusion-rollover-title-link\" href=\"https:\/\/intervetwb.net\/sr\/intervet-western-balkans-final-publication\/\">\n\t\t\t\t\t\tEMPOWERING VET IN WESTERN BALKANS: INTERVET WB FINAL PUBLICATION\t\t\t\t\t<\/a>\n\t\t\t\t<\/h4>\n\t\t\t\n\t\t\t\t\t\t\t\t\n\t\t\n\t\t\t\t\t\t<a class=\"fusion-link-wrapper\" href=\"https:\/\/intervetwb.net\/sr\/intervet-western-balkans-final-publication\/\" aria-label=\"EMPOWERING VET IN WESTERN BALKANS: INTERVET WB FINAL PUBLICATION\"><\/a>\n\t<\/div>\n<\/div>\n<\/div>\n<\/li>\n\t\t\t\n\t\t\t\n\t\t\t\t\t\t\t\t\t\t\t\t\t\t\t\t\t\t\t\t\t\t\t\t\t\t\t\t\t\t\t\t\t\t\t\t\t\t\t\t\t\t\t\t\t\t\t\t\t\t\t\t\t\t\t\t\t\t\t\t\t\t\t\t\t\t\t\t<\/ul>\n\t<\/div>\n\t<div class=\"fusion-post-content-wrapper\" style=\"padding:30px 25px 20px 25px;\"><div class=\"fusion-post-content post-content\"><h2 class=\"blog-shortcode-post-title entry-title\"><a href=\"https:\/\/intervetwb.net\/sr\/intervet-western-balkans-final-publication\/\">EMPOWERING VET IN WESTERN BALKANS: INTERVET WB FINAL PUBLICATION<\/a><\/h2><\/div><\/div><div class=\"fusion-clearfix\"><\/div><\/div>\n<\/article>\n<article id=\"blog-1-post-9842\" class=\"fusion-post-grid post-9842 post type-post status-publish format-standard has-post-thumbnail hentry category-news-sr\">\n<div class=\"fusion-post-wrapper\" style=\"background-color:rgba(255,255,255,0);border:none;\">\n\n\t\t\t<div class=\"fusion-flexslider flexslider fusion-flexslider-loading fusion-post-slideshow\" style=\"border-color:rgba(235,234,234,0);\">\n\t\t<ul class=\"slides\">\n\t\t\t\n\t\t\t\t\t\t\t\t\t\t\t\t\t\t<li><div  class=\"fusion-image-wrapper\" aria-haspopup=\"true\">\n\t\t\t\t<img decoding=\"async\" width=\"1024\" height=\"512\" src=\"https:\/\/intervetwb.net\/wp-content\/uploads\/2023\/08\/INTERVET-WB-FINAL-CONFERENCE.png\" class=\"attachment-full size-full wp-post-image\" alt=\"\" srcset=\"https:\/\/intervetwb.net\/wp-content\/uploads\/2023\/08\/INTERVET-WB-FINAL-CONFERENCE-200x100.png 200w, https:\/\/intervetwb.net\/wp-content\/uploads\/2023\/08\/INTERVET-WB-FINAL-CONFERENCE-400x200.png 400w, https:\/\/intervetwb.net\/wp-content\/uploads\/2023\/08\/INTERVET-WB-FINAL-CONFERENCE-600x300.png 600w, https:\/\/intervetwb.net\/wp-content\/uploads\/2023\/08\/INTERVET-WB-FINAL-CONFERENCE-800x400.png 800w, https:\/\/intervetwb.net\/wp-content\/uploads\/2023\/08\/INTERVET-WB-FINAL-CONFERENCE.png 1024w\" sizes=\"(min-width: 2200px) 100vw, (min-width: 800px) 570px, (min-width: 640px) 800px, \" \/><div class=\"fusion-rollover\">\n\t<div class=\"fusion-rollover-content\">\n\n\t\t\t\t\n\t\t\n\t\t\t\t\t\t\t\t\t\t\t\t<h4 class=\"fusion-rollover-title\">\n\t\t\t\t\t<a class=\"fusion-rollover-title-link\" href=\"https:\/\/intervetwb.net\/sr\/intervet-wb-final-conference-in-brussels\/\">\n\t\t\t\t\t\tINTERVET WESTERN BALKANS FINAL CONFERENCE IN BRUSSELS\t\t\t\t\t<\/a>\n\t\t\t\t<\/h4>\n\t\t\t\n\t\t\t\t\t\t\t\t\n\t\t\n\t\t\t\t\t\t<a class=\"fusion-link-wrapper\" href=\"https:\/\/intervetwb.net\/sr\/intervet-wb-final-conference-in-brussels\/\" aria-label=\"INTERVET WESTERN BALKANS FINAL CONFERENCE IN BRUSSELS\"><\/a>\n\t<\/div>\n<\/div>\n<\/div>\n<\/li>\n\t\t\t\n\t\t\t\n\t\t\t\t\t\t\t\t\t\t\t\t\t\t\t\t\t\t\t\t\t\t\t\t\t\t\t\t\t\t\t\t\t\t\t\t\t\t\t\t\t\t\t\t\t\t\t\t\t\t\t\t\t\t\t\t\t\t\t\t\t\t\t\t\t\t\t\t<\/ul>\n\t<\/div>\n\t<div class=\"fusion-post-content-wrapper\" style=\"padding:30px 25px 20px 25px;\"><div class=\"fusion-post-content post-content\"><h2 class=\"blog-shortcode-post-title entry-title\"><a href=\"https:\/\/intervetwb.net\/sr\/intervet-wb-final-conference-in-brussels\/\">INTERVET WESTERN BALKANS FINAL CONFERENCE IN BRUSSELS<\/a><\/h2><\/div><\/div><div class=\"fusion-clearfix\"><\/div><\/div>\n<\/article>\n<article id=\"blog-1-post-9779\" class=\"fusion-post-grid post-9779 post type-post status-publish format-standard has-post-thumbnail hentry category-news-sr\">\n<div class=\"fusion-post-wrapper\" style=\"background-color:rgba(255,255,255,0);border:none;\">\n\n\t\t\t<div class=\"fusion-flexslider flexslider fusion-flexslider-loading fusion-post-slideshow\" style=\"border-color:rgba(235,234,234,0);\">\n\t\t<ul class=\"slides\">\n\t\t\t\n\t\t\t\t\t\t\t\t\t\t\t\t\t\t<li><div  class=\"fusion-image-wrapper\" aria-haspopup=\"true\">\n\t\t\t\t<img decoding=\"async\" width=\"1024\" height=\"512\" src=\"https:\/\/intervetwb.net\/wp-content\/uploads\/2023\/07\/0.png\" class=\"attachment-full size-full wp-post-image\" alt=\"\" srcset=\"https:\/\/intervetwb.net\/wp-content\/uploads\/2023\/07\/0-200x100.png 200w, https:\/\/intervetwb.net\/wp-content\/uploads\/2023\/07\/0-400x200.png 400w, https:\/\/intervetwb.net\/wp-content\/uploads\/2023\/07\/0-600x300.png 600w, https:\/\/intervetwb.net\/wp-content\/uploads\/2023\/07\/0-800x400.png 800w, https:\/\/intervetwb.net\/wp-content\/uploads\/2023\/07\/0.png 1024w\" sizes=\"(min-width: 2200px) 100vw, (min-width: 800px) 570px, (min-width: 640px) 800px, \" \/><div class=\"fusion-rollover\">\n\t<div class=\"fusion-rollover-content\">\n\n\t\t\t\t\n\t\t\n\t\t\t\t\t\t\t\t\t\t\t\t<h4 class=\"fusion-rollover-title\">\n\t\t\t\t\t<a class=\"fusion-rollover-title-link\" href=\"https:\/\/intervetwb.net\/sr\/ana-zacharian-presented-intervet-wb-at-eafa-event-in-brussels\/\">\n\t\t\t\t\t\tANA ZACHARIAN PRESENTED INTERVET WB AT EAfA EVENT IN BRUSSELS\t\t\t\t\t<\/a>\n\t\t\t\t<\/h4>\n\t\t\t\n\t\t\t\t\t\t\t\t\n\t\t\n\t\t\t\t\t\t<a class=\"fusion-link-wrapper\" href=\"https:\/\/intervetwb.net\/sr\/ana-zacharian-presented-intervet-wb-at-eafa-event-in-brussels\/\" aria-label=\"ANA ZACHARIAN PRESENTED INTERVET WB AT EAfA EVENT IN BRUSSELS\"><\/a>\n\t<\/div>\n<\/div>\n<\/div>\n<\/li>\n\t\t\t\n\t\t\t\n\t\t\t\t\t\t\t\t\t\t\t\t\t\t\t\t\t\t\t\t\t\t\t\t\t\t\t\t\t\t\t\t\t\t\t\t\t\t\t\t\t\t\t\t\t\t\t\t\t\t\t\t\t\t\t\t\t\t\t\t\t\t\t\t\t\t\t\t<\/ul>\n\t<\/div>\n\t<div class=\"fusion-post-content-wrapper\" style=\"padding:30px 25px 20px 25px;\"><div class=\"fusion-post-content post-content\"><h2 class=\"blog-shortcode-post-title entry-title\"><a href=\"https:\/\/intervetwb.net\/sr\/ana-zacharian-presented-intervet-wb-at-eafa-event-in-brussels\/\">ANA ZACHARIAN PRESENTED INTERVET WB AT EAfA EVENT IN BRUSSELS<\/a><\/h2><\/div><\/div><div class=\"fusion-clearfix\"><\/div><\/div>\n<\/article>\n<article id=\"blog-1-post-9716\" class=\"fusion-post-grid post-9716 post type-post status-publish format-standard has-post-thumbnail hentry category-news-sr\">\n<div class=\"fusion-post-wrapper\" style=\"background-color:rgba(255,255,255,0);border:none;\">\n\n\t\t\t<div class=\"fusion-flexslider flexslider fusion-flexslider-loading fusion-post-slideshow\" style=\"border-color:rgba(235,234,234,0);\">\n\t\t<ul class=\"slides\">\n\t\t\t\n\t\t\t\t\t\t\t\t\t\t\t\t\t\t<li><div  class=\"fusion-image-wrapper\" aria-haspopup=\"true\">\n\t\t\t\t<img decoding=\"async\" width=\"1024\" height=\"512\" src=\"https:\/\/intervetwb.net\/wp-content\/uploads\/2023\/06\/TA-CEM.png\" class=\"attachment-full size-full wp-post-image\" alt=\"\" srcset=\"https:\/\/intervetwb.net\/wp-content\/uploads\/2023\/06\/TA-CEM-200x100.png 200w, https:\/\/intervetwb.net\/wp-content\/uploads\/2023\/06\/TA-CEM-400x200.png 400w, https:\/\/intervetwb.net\/wp-content\/uploads\/2023\/06\/TA-CEM-600x300.png 600w, https:\/\/intervetwb.net\/wp-content\/uploads\/2023\/06\/TA-CEM-800x400.png 800w, https:\/\/intervetwb.net\/wp-content\/uploads\/2023\/06\/TA-CEM.png 1024w\" sizes=\"(min-width: 2200px) 100vw, (min-width: 800px) 570px, (min-width: 640px) 800px, \" \/><div class=\"fusion-rollover\">\n\t<div class=\"fusion-rollover-content\">\n\n\t\t\t\t\n\t\t\n\t\t\t\t\t\t\t\t\t\t\t\t<h4 class=\"fusion-rollover-title\">\n\t\t\t\t\t<a class=\"fusion-rollover-title-link\" href=\"https:\/\/intervetwb.net\/sr\/intervet-wb-4th-training-assignment-in-podgorica-montenegro\/\">\n\t\t\t\t\t\tINTERVET WB 4th TRAINING ASSIGNMENT IN PODGORICA, MONTENEGRO\t\t\t\t\t<\/a>\n\t\t\t\t<\/h4>\n\t\t\t\n\t\t\t\t\t\t\t\t\n\t\t\n\t\t\t\t\t\t<a class=\"fusion-link-wrapper\" href=\"https:\/\/intervetwb.net\/sr\/intervet-wb-4th-training-assignment-in-podgorica-montenegro\/\" aria-label=\"INTERVET WB 4th TRAINING ASSIGNMENT IN PODGORICA, MONTENEGRO\"><\/a>\n\t<\/div>\n<\/div>\n<\/div>\n<\/li>\n\t\t\t\n\t\t\t\n\t\t\t\t\t\t\t\t\t\t\t\t\t\t\t\t\t\t\t\t\t\t\t\t\t\t\t\t\t\t\t\t\t\t\t\t\t\t\t\t\t\t\t\t\t\t\t\t\t\t\t\t\t\t\t\t\t\t\t\t\t\t\t\t\t\t\t\t<\/ul>\n\t<\/div>\n\t<div class=\"fusion-post-content-wrapper\" style=\"padding:30px 25px 20px 25px;\"><div class=\"fusion-post-content post-content\"><h2 class=\"blog-shortcode-post-title entry-title\"><a href=\"https:\/\/intervetwb.net\/sr\/intervet-wb-4th-training-assignment-in-podgorica-montenegro\/\">INTERVET WB 4th TRAINING ASSIGNMENT IN PODGORICA, MONTENEGRO<\/a><\/h2><\/div><\/div><div class=\"fusion-clearfix\"><\/div><\/div>\n<\/article>\n<div class=\"fusion-clearfix\"><\/div><\/div><div class=\"fusion-infinite-scroll-trigger\"><\/div><div class=\"pagination infinite-scroll clearfix\" style=\"display:none;\"><span class=\"current\">1<\/span><a href=\"https:\/\/intervetwb.net\/sr\/wp-json\/wp\/v2\/pages\/1529\/page\/2\/\" class=\"inactive\">2<\/a><a class=\"pagination-next\" rel=\"next\" href=\"https:\/\/intervetwb.net\/sr\/wp-json\/wp\/v2\/pages\/1529\/page\/2\/\"><span class=\"page-text\">Next<\/span><span class=\"page-next\"><\/span><\/a><\/div><div class=\"fusion-clearfix\"><\/div><button class=\"fusion-load-more-button fusion-blog-button fusion-clearfix\">Load More Posts<\/button><\/div><div class=\"fusion-clearfix\"><\/div><\/div><\/div><\/div><\/div><div class=\"fusion-fullwidth fullwidth-box fusion-builder-row-2 fusion-parallax-none hundred-percent-fullwidth non-hundred-percent-height-scrolling\" style=\"--link_color: #ffffff;--awb-background-blend-mode:multiply;--awb-border-sizes-top:0px;--awb-border-sizes-bottom:0px;--awb-border-sizes-left:0px;--awb-border-sizes-right:0px;--awb-border-radius-top-left:0px;--awb-border-radius-top-right:0px;--awb-border-radius-bottom-right:0px;--awb-border-radius-bottom-left:0px;--awb-padding-top:150px;--awb-padding-bottom:150px;--awb-background-color:rgba(0,0,0,0.5);--awb-background-image:url(&quot;https:\/\/intervetwb.net\/wp-content\/uploads\/2020\/03\/INTERVET_SITO_BANNER-01.jpg&quot;);--awb-background-size:cover;--awb-flex-wrap:wrap;\" ><div class=\"fusion-builder-row fusion-row\"><div class=\"fusion-layout-column fusion_builder_column fusion-builder-column-1 fusion_builder_column_1_1 1_1 fusion-one-full fusion-column-first fusion-column-last\" style=\"--awb-padding-right:11%;--awb-padding-left:11%;--awb-bg-size:cover;\"><div class=\"fusion-column-wrapper fusion-flex-column-wrapper-legacy\"><div class=\"fusion-text fusion-text-1\"><h2 style=\"text-align: center; color: #fff;\">PROMENITE \u017dIVOT JO\u0160 DANAS<\/h2>\n<\/div><div class=\"fusion-sep-clear\"><\/div><div class=\"fusion-separator\" style=\"margin-left: auto;margin-right: auto;margin-top:0px;margin-bottom:40px;width:100%;max-width:200px;\"><div class=\"fusion-separator-border sep-single sep-solid\" style=\"--awb-height:20px;--awb-amount:20px;--awb-sep-color:#ffffff;border-color:#ffffff;border-top-width:3px;\"><\/div><\/div><div class=\"fusion-sep-clear\"><\/div><div class=\"fusion-text fusion-text-2\"><p style=\"text-align: center; font-size: 24px; color: #fff; font-weight: 300;\">Saznajte vi\u0161e o otvorenom pozivu koji se odnosi na va\u0161u zemlju i steknite iskustvo u oblasti obuka koje nikada ne\u0107ete zaboraviti!<\/p>\n<\/div><div class=\"fusion-sep-clear\"><\/div><div class=\"fusion-separator fusion-full-width-sep\" style=\"margin-left: auto;margin-right: auto;margin-top:25px;width:100%;\"><\/div><div class=\"fusion-sep-clear\"><\/div><div class=\"fusion-aligncenter\"><a class=\"fusion-button button-flat fusion-button-default-size button-custom fusion-button-default button-1 fusion-button-default-span fusion-button-default-type\" style=\"--button_accent_color:#ffffff;--button_accent_hover_color:#ffffff;--button_border_hover_color:#ffffff;--button_border_width-top:2px;--button_border_width-right:2px;--button_border_width-bottom:2px;--button_border_width-left:2px;--button_gradient_top_color:rgba(254,201,107,0);--button_gradient_bottom_color:rgba(254,201,107,0);--button_gradient_top_color_hover:rgba(0,0,0,0);--button_gradient_bottom_color_hover:rgba(0,0,0,0);\" target=\"_self\" href=\"https:\/\/intervetwb.net\/sr\/pozivi\/\"><span class=\"fusion-button-text awb-button__text awb-button__text--default\">POZIVI<\/span><\/a><\/div><div class=\"fusion-clearfix\"><\/div><\/div><\/div><\/div><\/div>\n<\/p>\n","protected":false},"excerpt":{"rendered":"","protected":false},"author":1,"featured_media":0,"parent":0,"menu_order":0,"comment_status":"closed","ping_status":"closed","template":"100-width.php","meta":{"_monsterinsights_skip_tracking":false,"_monsterinsights_sitenote_active":false,"_monsterinsights_sitenote_note":"","_monsterinsights_sitenote_category":0,"footnotes":""},"class_list":["post-1529","page","type-page","status-publish","hentry"],"yoast_head":"<!-- This site is optimized with the Yoast SEO plugin v27.3 - https:\/\/yoast.com\/product\/yoast-seo-wordpress\/ -->\n<title>INTERVET WB Blog - All news about learning mobility in Western Balkans<\/title>\n<meta name=\"description\" content=\"Read all latest news about INTERVET WB project and learning mobility in Western Balkans.\" \/>\n<meta name=\"robots\" content=\"index, follow, max-snippet:-1, max-image-preview:large, max-video-preview:-1\" \/>\n<link rel=\"canonical\" href=\"https:\/\/intervetwb.net\/sr\/blog\/\" \/>\n<meta property=\"og:locale\" content=\"sr_RS\" \/>\n<meta property=\"og:type\" content=\"article\" \/>\n<meta property=\"og:title\" content=\"INTERVET WB Blog - All news about learning mobility in Western Balkans\" \/>\n<meta property=\"og:description\" content=\"Read all latest news about INTERVET WB project and learning mobility in Western Balkans.\" \/>\n<meta property=\"og:url\" content=\"https:\/\/intervetwb.net\/sr\/blog\/\" \/>\n<meta property=\"og:site_name\" content=\"INTERVET WB\" \/>\n<meta property=\"article:modified_time\" content=\"2020-06-23T15:16:06+00:00\" \/>\n<meta name=\"twitter:card\" content=\"summary_large_image\" \/>\n<meta name=\"twitter:label1\" content=\"\u041f\u0440\u043e\u0446\u0435\u045a\u0435\u043d\u043e \u0432\u0440\u0435\u043c\u0435 \u0447\u0438\u0442\u0430\u045a\u0430\" \/>\n\t<meta name=\"twitter:data1\" content=\"2 \u043c\u0438\u043d\u0443\u0442\u0430\" \/>\n<script type=\"application\/ld+json\" class=\"yoast-schema-graph\">{\"@context\":\"https:\\\/\\\/schema.org\",\"@graph\":[{\"@type\":\"WebPage\",\"@id\":\"https:\\\/\\\/intervetwb.net\\\/sr\\\/blog\\\/\",\"url\":\"https:\\\/\\\/intervetwb.net\\\/sr\\\/blog\\\/\",\"name\":\"INTERVET WB Blog - All news about learning mobility in Western Balkans\",\"isPartOf\":{\"@id\":\"https:\\\/\\\/intervetwb.net\\\/sr\\\/#website\"},\"datePublished\":\"2020-06-23T15:16:04+00:00\",\"dateModified\":\"2020-06-23T15:16:06+00:00\",\"description\":\"Read all latest news about INTERVET WB project and learning mobility in Western Balkans.\",\"breadcrumb\":{\"@id\":\"https:\\\/\\\/intervetwb.net\\\/sr\\\/blog\\\/#breadcrumb\"},\"inLanguage\":\"sr-RS\",\"potentialAction\":[{\"@type\":\"ReadAction\",\"target\":[\"https:\\\/\\\/intervetwb.net\\\/sr\\\/blog\\\/\"]}]},{\"@type\":\"BreadcrumbList\",\"@id\":\"https:\\\/\\\/intervetwb.net\\\/sr\\\/blog\\\/#breadcrumb\",\"itemListElement\":[{\"@type\":\"ListItem\",\"position\":1,\"name\":\"Home\",\"item\":\"https:\\\/\\\/intervetwb.net\\\/sr\\\/\"},{\"@type\":\"ListItem\",\"position\":2,\"name\":\"Blog\"}]},{\"@type\":\"WebSite\",\"@id\":\"https:\\\/\\\/intervetwb.net\\\/sr\\\/#website\",\"url\":\"https:\\\/\\\/intervetwb.net\\\/sr\\\/\",\"name\":\"INTERVET WB\",\"description\":\"Spreading learning mobility from Western Balkans\",\"potentialAction\":[{\"@type\":\"SearchAction\",\"target\":{\"@type\":\"EntryPoint\",\"urlTemplate\":\"https:\\\/\\\/intervetwb.net\\\/sr\\\/?s={search_term_string}\"},\"query-input\":{\"@type\":\"PropertyValueSpecification\",\"valueRequired\":true,\"valueName\":\"search_term_string\"}}],\"inLanguage\":\"sr-RS\"}]}<\/script>\n<!-- \/ Yoast SEO plugin. -->","yoast_head_json":{"title":"INTERVET WB Blog - All news about learning mobility in Western Balkans","description":"Read all latest news about INTERVET WB project and learning mobility in Western Balkans.","robots":{"index":"index","follow":"follow","max-snippet":"max-snippet:-1","max-image-preview":"max-image-preview:large","max-video-preview":"max-video-preview:-1"},"canonical":"https:\/\/intervetwb.net\/sr\/blog\/","og_locale":"sr_RS","og_type":"article","og_title":"INTERVET WB Blog - All news about learning mobility in Western Balkans","og_description":"Read all latest news about INTERVET WB project and learning mobility in Western Balkans.","og_url":"https:\/\/intervetwb.net\/sr\/blog\/","og_site_name":"INTERVET WB","article_modified_time":"2020-06-23T15:16:06+00:00","twitter_card":"summary_large_image","twitter_misc":{"\u041f\u0440\u043e\u0446\u0435\u045a\u0435\u043d\u043e \u0432\u0440\u0435\u043c\u0435 \u0447\u0438\u0442\u0430\u045a\u0430":"2 \u043c\u0438\u043d\u0443\u0442\u0430"},"schema":{"@context":"https:\/\/schema.org","@graph":[{"@type":"WebPage","@id":"https:\/\/intervetwb.net\/sr\/blog\/","url":"https:\/\/intervetwb.net\/sr\/blog\/","name":"INTERVET WB Blog - All news about learning mobility in Western Balkans","isPartOf":{"@id":"https:\/\/intervetwb.net\/sr\/#website"},"datePublished":"2020-06-23T15:16:04+00:00","dateModified":"2020-06-23T15:16:06+00:00","description":"Read all latest news about INTERVET WB project and learning mobility in Western Balkans.","breadcrumb":{"@id":"https:\/\/intervetwb.net\/sr\/blog\/#breadcrumb"},"inLanguage":"sr-RS","potentialAction":[{"@type":"ReadAction","target":["https:\/\/intervetwb.net\/sr\/blog\/"]}]},{"@type":"BreadcrumbList","@id":"https:\/\/intervetwb.net\/sr\/blog\/#breadcrumb","itemListElement":[{"@type":"ListItem","position":1,"name":"Home","item":"https:\/\/intervetwb.net\/sr\/"},{"@type":"ListItem","position":2,"name":"Blog"}]},{"@type":"WebSite","@id":"https:\/\/intervetwb.net\/sr\/#website","url":"https:\/\/intervetwb.net\/sr\/","name":"INTERVET WB","description":"Spreading learning mobility from Western Balkans","potentialAction":[{"@type":"SearchAction","target":{"@type":"EntryPoint","urlTemplate":"https:\/\/intervetwb.net\/sr\/?s={search_term_string}"},"query-input":{"@type":"PropertyValueSpecification","valueRequired":true,"valueName":"search_term_string"}}],"inLanguage":"sr-RS"}]}},"_links":{"self":[{"href":"https:\/\/intervetwb.net\/sr\/wp-json\/wp\/v2\/pages\/1529","targetHints":{"allow":["GET"]}}],"collection":[{"href":"https:\/\/intervetwb.net\/sr\/wp-json\/wp\/v2\/pages"}],"about":[{"href":"https:\/\/intervetwb.net\/sr\/wp-json\/wp\/v2\/types\/page"}],"author":[{"embeddable":true,"href":"https:\/\/intervetwb.net\/sr\/wp-json\/wp\/v2\/users\/1"}],"replies":[{"embeddable":true,"href":"https:\/\/intervetwb.net\/sr\/wp-json\/wp\/v2\/comments?post=1529"}],"version-history":[{"count":0,"href":"https:\/\/intervetwb.net\/sr\/wp-json\/wp\/v2\/pages\/1529\/revisions"}],"wp:attachment":[{"href":"https:\/\/intervetwb.net\/sr\/wp-json\/wp\/v2\/media?parent=1529"}],"curies":[{"name":"wp","href":"https:\/\/api.w.org\/{rel}","templated":true}]}}