{"id":1632,"date":"2020-06-25T09:16:18","date_gmt":"2020-06-25T07:16:18","guid":{"rendered":"https:\/\/intervetwb.net\/kontakti\/"},"modified":"2021-11-02T09:16:41","modified_gmt":"2021-11-02T08:16:41","slug":"kontakti","status":"publish","type":"page","link":"https:\/\/intervetwb.net\/sr\/kontakti\/","title":{"rendered":"Kontakti"},"content":{"rendered":"<p><div class=\"fusion-fullwidth fullwidth-box fusion-builder-row-1 hundred-percent-fullwidth non-hundred-percent-height-scrolling fusion-equal-height-columns\" style=\"--awb-background-position:left top;--awb-border-sizes-top:0px;--awb-border-sizes-bottom:0px;--awb-border-sizes-left:0px;--awb-border-sizes-right:0px;--awb-border-radius-top-left:0px;--awb-border-radius-top-right:0px;--awb-border-radius-bottom-right:0px;--awb-border-radius-bottom-left:0px;--awb-padding-top:0px;--awb-padding-right:0px;--awb-padding-bottom:0px;--awb-padding-left:0px;--awb-flex-wrap:wrap;\" ><div class=\"fusion-builder-row fusion-row\"><div class=\"fusion-layout-column fusion_builder_column fusion-builder-column-0 fusion_builder_column_2_3 2_3 fusion-two-third fusion-column-first\" style=\"--awb-padding-top:100px;--awb-padding-right:10%;--awb-padding-bottom:100px;--awb-padding-left:10%;--awb-bg-color:#f5f5f5;--awb-bg-color-hover:#f5f5f5;--awb-bg-size:cover;--awb-margin-bottom:0px;\"><div class=\"fusion-column-wrapper fusion-flex-column-wrapper-legacy\"><div class=\"fusion-column-content-centered\"><div class=\"fusion-column-content\"><div class=\"fusion-text fusion-text-1\"><h2 style=\"text-align: left;\">STUPITE U KONTAKT<\/h2>\n<\/div><div class=\"fusion-sep-clear\"><\/div><div class=\"fusion-separator fusion-clearfix\" style=\"float:left;margin-top:0px;margin-bottom:40px;width:100%;max-width:200px;\"><div class=\"fusion-separator-border sep-single sep-solid\" style=\"--awb-height:20px;--awb-amount:20px;--awb-sep-color:#871e1e;border-color:#871e1e;border-top-width:3px;\"><\/div><\/div><div class=\"fusion-sep-clear\"><\/div><div class=\"fusion-text fusion-text-2\"><p><span style=\"font-weight: 400;\">Na\u0161e osoblje vam je uvek na raspolaganju za svaku vrstu nedoumica, pitanja i informacija o INTERVET WB pozivima i mogu\u0107nostima. Po\u0161aljite nam mejl preko donjeg obrasca za\u00a0 kontakt, i mi \u0107emo vam odgovoriti u najkra\u0107em mogu\u0107em roku!<\/span><\/p>\n<\/div><div class=\"fusion-sep-clear\"><\/div><div class=\"fusion-separator fusion-full-width-sep\" style=\"margin-left: auto;margin-right: auto;margin-top:20px;width:100%;\"><\/div><div class=\"fusion-sep-clear\"><\/div>\n<div class=\"wpcf7 no-js\" id=\"wpcf7-f2012-o1\" lang=\"sr-RS\" dir=\"ltr\" data-wpcf7-id=\"2012\">\n<div class=\"screen-reader-response\"><p role=\"status\" aria-live=\"polite\" aria-atomic=\"true\"><\/p> <ul><\/ul><\/div>\n<form action=\"\/sr\/wp-json\/wp\/v2\/pages\/1632#wpcf7-f2012-o1\" method=\"post\" class=\"wpcf7-form init\" aria-label=\"Contact form\" novalidate=\"novalidate\" data-status=\"init\">\n<fieldset class=\"hidden-fields-container\"><input type=\"hidden\" name=\"_wpcf7\" value=\"2012\" \/><input type=\"hidden\" name=\"_wpcf7_version\" value=\"6.1.5\" \/><input type=\"hidden\" name=\"_wpcf7_locale\" value=\"sr_RS\" \/><input type=\"hidden\" name=\"_wpcf7_unit_tag\" value=\"wpcf7-f2012-o1\" \/><input type=\"hidden\" name=\"_wpcf7_container_post\" value=\"0\" \/><input type=\"hidden\" name=\"_wpcf7_posted_data_hash\" value=\"\" \/>\n<\/fieldset>\n<p><span class=\"wpcf7-form-control-wrap\" data-name=\"your-name\"><input size=\"40\" maxlength=\"400\" class=\"wpcf7-form-control wpcf7-text wpcf7-validates-as-required\" aria-required=\"true\" aria-invalid=\"false\" placeholder=\"Ime (*)\" value=\"\" type=\"text\" name=\"your-name\" \/><\/span>\n<\/p>\n<p><span class=\"wpcf7-form-control-wrap\" data-name=\"email\"><input size=\"40\" maxlength=\"400\" class=\"wpcf7-form-control wpcf7-email wpcf7-validates-as-required wpcf7-text wpcf7-validates-as-email\" aria-required=\"true\" aria-invalid=\"false\" placeholder=\"Email (*)\" value=\"\" type=\"email\" name=\"email\" \/><\/span>\n<\/p>\n<p><span class=\"wpcf7-form-control-wrap\" data-name=\"tel-526\"><input size=\"40\" maxlength=\"400\" class=\"wpcf7-form-control wpcf7-tel wpcf7-text wpcf7-validates-as-tel\" aria-invalid=\"false\" placeholder=\"Telefon\" value=\"\" type=\"tel\" name=\"tel-526\" \/><\/span>\n<\/p>\n<p><span class=\"wpcf7-form-control-wrap\" data-name=\"subject\"><input size=\"40\" maxlength=\"400\" class=\"wpcf7-form-control wpcf7-text wpcf7-validates-as-required\" aria-required=\"true\" aria-invalid=\"false\" placeholder=\"Predmet va\u0161e poruke (*)\" value=\"\" type=\"text\" name=\"subject\" \/><\/span>\n<\/p>\n<p><span class=\"wpcf7-form-control-wrap\" data-name=\"message\"><textarea cols=\"40\" rows=\"10\" maxlength=\"2000\" class=\"wpcf7-form-control wpcf7-textarea wpcf7-validates-as-required\" aria-required=\"true\" aria-invalid=\"false\" placeholder=\"Svoju poruku napi\u0161ite ovde (*)\" name=\"message\"><\/textarea><\/span>\n<\/p>\n<p><span class=\"wpcf7-form-control-wrap\" data-name=\"checkbox-271\"><span class=\"wpcf7-form-control wpcf7-checkbox wpcf7-validates-as-required\"><span class=\"wpcf7-list-item first last\"><input type=\"checkbox\" name=\"checkbox-271[]\" value=\"Prihvatam politiku privatnosti\" \/><span class=\"wpcf7-list-item-label\">Prihvatam politiku privatnosti<\/span><\/span><\/span><\/span>\n<\/p>\n<p><input class=\"wpcf7-form-control wpcf7-submit has-spinner\" type=\"submit\" value=\"PO\u0160ALJI\" \/>\n<\/p><div class=\"fusion-alert alert custom alert-custom fusion-alert-center wpcf7-response-output fusion-alert-capitalize awb-alert-native-link-color alert-dismissable awb-alert-close-boxed\" style=\"--awb-border-top-left-radius:0px;--awb-border-top-right-radius:0px;--awb-border-bottom-left-radius:0px;--awb-border-bottom-right-radius:0px;\" role=\"alert\"><div class=\"fusion-alert-content-wrapper\"><span class=\"fusion-alert-content\"><\/span><\/div><button type=\"button\" class=\"close toggle-alert\" data-dismiss=\"alert\" aria-label=\"Close\">&times;<\/button><\/div>\n<\/form>\n<\/div>\n<\/div><\/div><div class=\"fusion-clearfix\"><\/div><\/div><\/div><div class=\"fusion-layout-column fusion_builder_column fusion-builder-column-1 fusion_builder_column_1_3 1_3 fusion-one-third fusion-column-last\" style=\"--awb-padding-top:125px;--awb-padding-right:10%;--awb-padding-bottom:125px;--awb-padding-left:10%;--awb-bg-color:#871e1e;--awb-bg-color-hover:#871e1e;--awb-bg-image:url(&#039;https:\/\/intervetwb.net\/wp-content\/uploads\/2016\/08\/donate3.jpg&#039;);--awb-bg-size:cover;--awb-margin-bottom:0px;\"><div class=\"fusion-column-wrapper fusion-column-has-shadow fusion-flex-column-wrapper-legacy fusion-column-has-bg-image\" data-bg-url=\"https:\/\/intervetwb.net\/wp-content\/uploads\/2016\/08\/donate3.jpg\"><div class=\"fusion-column-content-centered\"><div class=\"fusion-column-content\"><div class=\"fusion-fa-align-center\"><i class=\"fb-icon-element-1 fb-icon-element fontawesome-icon fa fa-map-marker circle-no\" style=\"--awb-font-size:55px;\"><\/i><\/div><div class=\"fusion-sep-clear\"><\/div><div class=\"fusion-separator fusion-full-width-sep\" style=\"margin-left: auto;margin-right: auto;margin-top:20px;width:100%;\"><\/div><div class=\"fusion-sep-clear\"><\/div><div class=\"fusion-text fusion-text-3\"><p style=\"text-align: center;\"><span style=\"color: #ffffff; font-size: 24px;\">UNISER Soc. Coop. Onlus<\/span><\/p>\n<p style=\"text-align: center;\"><span style=\"color: #ffffff; font-size: 24px;\">Mura di Porta Galliera 1\/2A<\/span><br \/>\n<span style=\"color: #ffffff; font-size: 24px;\"> IT 40126 Bologna <\/span><\/p>\n<\/div><\/div><\/div><div class=\"fusion-clearfix\"><\/div><\/div><\/div><\/div><\/div><div class=\"fusion-fullwidth fullwidth-box fusion-builder-row-2 fusion-parallax-none hundred-percent-fullwidth non-hundred-percent-height-scrolling\" style=\"--link_color: #ffffff;--awb-background-blend-mode:multiply;--awb-border-sizes-top:0px;--awb-border-sizes-bottom:0px;--awb-border-sizes-left:0px;--awb-border-sizes-right:0px;--awb-border-radius-top-left:0px;--awb-border-radius-top-right:0px;--awb-border-radius-bottom-right:0px;--awb-border-radius-bottom-left:0px;--awb-padding-top:150px;--awb-padding-bottom:150px;--awb-background-color:rgba(0,0,0,0.5);--awb-background-image:url(&quot;https:\/\/intervetwb.net\/wp-content\/uploads\/2020\/03\/INTERVET_SITO_BANNER-01.jpg&quot;);--awb-background-size:cover;--awb-flex-wrap:wrap;\" ><div class=\"fusion-builder-row fusion-row\"><div class=\"fusion-layout-column fusion_builder_column fusion-builder-column-2 fusion_builder_column_1_1 1_1 fusion-one-full fusion-column-first fusion-column-last\" style=\"--awb-padding-right:11%;--awb-padding-left:11%;--awb-bg-size:cover;\"><div class=\"fusion-column-wrapper fusion-flex-column-wrapper-legacy\"><div class=\"fusion-text fusion-text-4\"><h2 style=\"text-align: center; color: #fff;\">PROMENITE \u017dIVOT JO\u0160 DANAS<\/h2>\n<\/div><div class=\"fusion-sep-clear\"><\/div><div class=\"fusion-separator\" style=\"margin-left: auto;margin-right: auto;margin-top:0px;margin-bottom:40px;width:100%;max-width:200px;\"><div class=\"fusion-separator-border sep-single sep-solid\" style=\"--awb-height:20px;--awb-amount:20px;--awb-sep-color:#ffffff;border-color:#ffffff;border-top-width:3px;\"><\/div><\/div><div class=\"fusion-sep-clear\"><\/div><div class=\"fusion-text fusion-text-5\"><p style=\"text-align: center; font-size: 24px; color: #fff; font-weight: 300;\">Saznajte vi\u0161e o otvorenom pozivu koji se odnosi na va\u0161u zemlju i steknite iskustvo u oblasti obuka koje nikada ne\u0107ete zaboraviti!<\/p>\n<\/div><div class=\"fusion-sep-clear\"><\/div><div class=\"fusion-separator fusion-full-width-sep\" style=\"margin-left: auto;margin-right: auto;margin-top:25px;width:100%;\"><\/div><div class=\"fusion-sep-clear\"><\/div><div class=\"fusion-aligncenter\"><a class=\"fusion-button button-flat fusion-button-default-size button-custom fusion-button-default button-1 fusion-button-default-span fusion-button-default-type\" style=\"--button_accent_color:#ffffff;--button_accent_hover_color:#ffffff;--button_border_hover_color:#ffffff;--button_border_width-top:2px;--button_border_width-right:2px;--button_border_width-bottom:2px;--button_border_width-left:2px;--button_gradient_top_color:rgba(254,201,107,0);--button_gradient_bottom_color:rgba(254,201,107,0);--button_gradient_top_color_hover:rgba(0,0,0,0);--button_gradient_bottom_color_hover:rgba(0,0,0,0);\" target=\"_self\" href=\"https:\/\/intervetwb.net\/sr\/pozivi\/\"><span class=\"fusion-button-text awb-button__text awb-button__text--default\">POZIVI<\/span><\/a><\/div><div class=\"fusion-clearfix\"><\/div><\/div><\/div><\/div><\/div>\n<\/p>\n","protected":false},"excerpt":{"rendered":"","protected":false},"author":1,"featured_media":0,"parent":0,"menu_order":0,"comment_status":"closed","ping_status":"closed","template":"100-width.php","meta":{"_monsterinsights_skip_tracking":false,"_monsterinsights_sitenote_active":false,"_monsterinsights_sitenote_note":"","_monsterinsights_sitenote_category":0,"footnotes":""},"class_list":["post-1632","page","type-page","status-publish","hentry"],"yoast_head":"<!-- This site is optimized with the Yoast SEO plugin v27.3 - https:\/\/yoast.com\/product\/yoast-seo-wordpress\/ -->\n<title>INTERVET WB Kontakti - Get in touch with us<\/title>\n<meta name=\"description\" content=\"Need more info about INTERVET WB project? Write us an email via the contact form and we will get back at you as soon as possible!\" \/>\n<meta name=\"robots\" content=\"index, follow, max-snippet:-1, max-image-preview:large, max-video-preview:-1\" \/>\n<link rel=\"canonical\" href=\"https:\/\/intervetwb.net\/sr\/kontakti\/\" \/>\n<meta property=\"og:locale\" content=\"sr_RS\" \/>\n<meta property=\"og:type\" content=\"article\" \/>\n<meta property=\"og:title\" content=\"INTERVET WB Kontakti - Get in touch with us\" \/>\n<meta property=\"og:description\" content=\"Need more info about INTERVET WB project? Write us an email via the contact form and we will get back at you as soon as possible!\" \/>\n<meta property=\"og:url\" content=\"https:\/\/intervetwb.net\/sr\/kontakti\/\" \/>\n<meta property=\"og:site_name\" content=\"INTERVET WB\" \/>\n<meta property=\"article:modified_time\" content=\"2021-11-02T08:16:41+00:00\" \/>\n<meta name=\"twitter:card\" content=\"summary_large_image\" \/>\n<meta name=\"twitter:label1\" content=\"\u041f\u0440\u043e\u0446\u0435\u045a\u0435\u043d\u043e \u0432\u0440\u0435\u043c\u0435 \u0447\u0438\u0442\u0430\u045a\u0430\" \/>\n\t<meta name=\"twitter:data1\" content=\"3 \u043c\u0438\u043d\u0443\u0442\u0430\" \/>\n<script type=\"application\/ld+json\" class=\"yoast-schema-graph\">{\"@context\":\"https:\\\/\\\/schema.org\",\"@graph\":[{\"@type\":\"WebPage\",\"@id\":\"https:\\\/\\\/intervetwb.net\\\/sr\\\/kontakti\\\/\",\"url\":\"https:\\\/\\\/intervetwb.net\\\/sr\\\/kontakti\\\/\",\"name\":\"INTERVET WB Kontakti - Get in touch with us\",\"isPartOf\":{\"@id\":\"https:\\\/\\\/intervetwb.net\\\/sr\\\/#website\"},\"datePublished\":\"2020-06-25T07:16:18+00:00\",\"dateModified\":\"2021-11-02T08:16:41+00:00\",\"description\":\"Need more info about INTERVET WB project? Write us an email via the contact form and we will get back at you as soon as possible!\",\"breadcrumb\":{\"@id\":\"https:\\\/\\\/intervetwb.net\\\/sr\\\/kontakti\\\/#breadcrumb\"},\"inLanguage\":\"sr-RS\",\"potentialAction\":[{\"@type\":\"ReadAction\",\"target\":[\"https:\\\/\\\/intervetwb.net\\\/sr\\\/kontakti\\\/\"]}]},{\"@type\":\"BreadcrumbList\",\"@id\":\"https:\\\/\\\/intervetwb.net\\\/sr\\\/kontakti\\\/#breadcrumb\",\"itemListElement\":[{\"@type\":\"ListItem\",\"position\":1,\"name\":\"Home\",\"item\":\"https:\\\/\\\/intervetwb.net\\\/sr\\\/\"},{\"@type\":\"ListItem\",\"position\":2,\"name\":\"Kontakti\"}]},{\"@type\":\"WebSite\",\"@id\":\"https:\\\/\\\/intervetwb.net\\\/sr\\\/#website\",\"url\":\"https:\\\/\\\/intervetwb.net\\\/sr\\\/\",\"name\":\"INTERVET WB\",\"description\":\"Spreading learning mobility from Western Balkans\",\"potentialAction\":[{\"@type\":\"SearchAction\",\"target\":{\"@type\":\"EntryPoint\",\"urlTemplate\":\"https:\\\/\\\/intervetwb.net\\\/sr\\\/?s={search_term_string}\"},\"query-input\":{\"@type\":\"PropertyValueSpecification\",\"valueRequired\":true,\"valueName\":\"search_term_string\"}}],\"inLanguage\":\"sr-RS\"}]}<\/script>\n<!-- \/ Yoast SEO plugin. -->","yoast_head_json":{"title":"INTERVET WB Kontakti - Get in touch with us","description":"Need more info about INTERVET WB project? Write us an email via the contact form and we will get back at you as soon as possible!","robots":{"index":"index","follow":"follow","max-snippet":"max-snippet:-1","max-image-preview":"max-image-preview:large","max-video-preview":"max-video-preview:-1"},"canonical":"https:\/\/intervetwb.net\/sr\/kontakti\/","og_locale":"sr_RS","og_type":"article","og_title":"INTERVET WB Kontakti - Get in touch with us","og_description":"Need more info about INTERVET WB project? Write us an email via the contact form and we will get back at you as soon as possible!","og_url":"https:\/\/intervetwb.net\/sr\/kontakti\/","og_site_name":"INTERVET WB","article_modified_time":"2021-11-02T08:16:41+00:00","twitter_card":"summary_large_image","twitter_misc":{"\u041f\u0440\u043e\u0446\u0435\u045a\u0435\u043d\u043e \u0432\u0440\u0435\u043c\u0435 \u0447\u0438\u0442\u0430\u045a\u0430":"3 \u043c\u0438\u043d\u0443\u0442\u0430"},"schema":{"@context":"https:\/\/schema.org","@graph":[{"@type":"WebPage","@id":"https:\/\/intervetwb.net\/sr\/kontakti\/","url":"https:\/\/intervetwb.net\/sr\/kontakti\/","name":"INTERVET WB Kontakti - Get in touch with us","isPartOf":{"@id":"https:\/\/intervetwb.net\/sr\/#website"},"datePublished":"2020-06-25T07:16:18+00:00","dateModified":"2021-11-02T08:16:41+00:00","description":"Need more info about INTERVET WB project? Write us an email via the contact form and we will get back at you as soon as possible!","breadcrumb":{"@id":"https:\/\/intervetwb.net\/sr\/kontakti\/#breadcrumb"},"inLanguage":"sr-RS","potentialAction":[{"@type":"ReadAction","target":["https:\/\/intervetwb.net\/sr\/kontakti\/"]}]},{"@type":"BreadcrumbList","@id":"https:\/\/intervetwb.net\/sr\/kontakti\/#breadcrumb","itemListElement":[{"@type":"ListItem","position":1,"name":"Home","item":"https:\/\/intervetwb.net\/sr\/"},{"@type":"ListItem","position":2,"name":"Kontakti"}]},{"@type":"WebSite","@id":"https:\/\/intervetwb.net\/sr\/#website","url":"https:\/\/intervetwb.net\/sr\/","name":"INTERVET WB","description":"Spreading learning mobility from Western Balkans","potentialAction":[{"@type":"SearchAction","target":{"@type":"EntryPoint","urlTemplate":"https:\/\/intervetwb.net\/sr\/?s={search_term_string}"},"query-input":{"@type":"PropertyValueSpecification","valueRequired":true,"valueName":"search_term_string"}}],"inLanguage":"sr-RS"}]}},"_links":{"self":[{"href":"https:\/\/intervetwb.net\/sr\/wp-json\/wp\/v2\/pages\/1632","targetHints":{"allow":["GET"]}}],"collection":[{"href":"https:\/\/intervetwb.net\/sr\/wp-json\/wp\/v2\/pages"}],"about":[{"href":"https:\/\/intervetwb.net\/sr\/wp-json\/wp\/v2\/types\/page"}],"author":[{"embeddable":true,"href":"https:\/\/intervetwb.net\/sr\/wp-json\/wp\/v2\/users\/1"}],"replies":[{"embeddable":true,"href":"https:\/\/intervetwb.net\/sr\/wp-json\/wp\/v2\/comments?post=1632"}],"version-history":[{"count":1,"href":"https:\/\/intervetwb.net\/sr\/wp-json\/wp\/v2\/pages\/1632\/revisions"}],"predecessor-version":[{"id":5103,"href":"https:\/\/intervetwb.net\/sr\/wp-json\/wp\/v2\/pages\/1632\/revisions\/5103"}],"wp:attachment":[{"href":"https:\/\/intervetwb.net\/sr\/wp-json\/wp\/v2\/media?parent=1632"}],"curies":[{"name":"wp","href":"https:\/\/api.w.org\/{rel}","templated":true}]}}